{"id":14203,"date":"2020-01-14T16:28:57","date_gmt":"2020-01-14T15:28:57","guid":{"rendered":"https:\/\/resoilfoundation.org\/privacy-policy\/"},"modified":"2022-02-16T16:49:05","modified_gmt":"2022-02-16T15:49:05","slug":"privacy-policy","status":"publish","type":"page","link":"https:\/\/resoilfoundation.org\/en\/privacy-policy\/","title":{"rendered":"Privacy Policy"},"content":{"rendered":"<section  class='av_textblock_section av-k5p8d1yj-6235f04a3c60720b26271028193038f7 '   itemscope=\"itemscope\" itemtype=\"https:\/\/schema.org\/CreativeWork\" ><div class='avia_textblock'  itemprop=\"text\" ><p><strong>INFORMAZIONI AI SENSI DELL\u2019ART. 13 DEL REG. UE N. 679\/2016 (\u201cGDPR\u201d)<\/strong><\/p>\n<p>Questa Informativa descrive quali dei tuoi dati personali sono raccolti da Re Soil Foundation, per quali finalit\u00e0 e con quali modalit\u00e0 sono trattati. Di seguito troverai anche le informazioni necessarie per esercitare i tuoi diritti previsti dal GDPR.<br \/>\nIn generale, raccogliamo tuoi dati quando navighi sul sito https:\/\/resoilfoundation.org (di seguito \u201c<strong>Sito<\/strong>\u201d), quando ci invii delle email o delle richieste tramite il Sito, quando ci chiedi di partecipare ad un webinar organizzato da noi, oppure quando ti iscrivi alla newsletter, oppure quando interagisci con noi tramite le nostre pagine social su Twitter, Facebook, Instagram e LinkedIn (di seguito \u201c<strong>Pagine Social<\/strong>\u201d). Ti informiamo che i dati personali raccolti durante tali processi saranno trattati al fine di rispondere alle tue richieste, ed anche fornire servizi, marketing e supporto migliori per te e per gli altri utenti, secondo quanto indicato di seguito.<\/p>\n<p><strong>1. Chi tratta i tuoi dati: titolari del trattamento<\/strong><br \/>\nRe Soil Foundation con sede in Corso Duca degli Abruzzi 24, 10129, Torino, C.F.: 97863610016 info@resoilfoundation.org \u00e8 il titolare del trattamento dei tuoi dati (di seguito, \u201c<strong>Titolare<\/strong>\u201d).<br \/>\nLimitatamente ai dati raccolti tramite le nostre Pagine Social, Twitter, Facebook, Instagram e LinkedIn sono contitolari del trattamento dei tuoi dati personali, come pubblicati nell\u2019ambito delle piattaforme stesse. Per maggiori informazioni ti preghiamo di prendere visione della loro informativa privacy.<\/p>\n<p><strong>2. Quali dati trattiamo &#8211; Tipologia di dati trattati<\/strong><br \/>\n<strong>I tuoi dati di contatto.<\/strong> Conserveremo le informazioni di contatto che ci fornisci (ad esempio, nome, cognome, indirizzo, numero di telefono, e-mail, citt\u00e0) quando ci invii una mail, ci contatti per avere informazioni, quando ti iscrivi ad un webinar oppure quando ci richiedi di accedere e scaricare alcuni dei materiali messi a disposizione sul Sito, quando partecipi ad un concorso o ad una manifestazione a premi, quando ti iscrivi alla newsletter oppure quando ci contatti tramite le nostre Pagine Social, attraverso i commenti pubblici o attraverso messaggi privati.<br \/>\n<strong>Informazioni sull\u2019uso del Sito e sulle tue attivit\u00e0 sul Sito<\/strong>. Il tuo utilizzo dei nostri siti implica il trattamento di dati sul browser e dispositivo che stai utilizzando. Potremo analizzare da quale sito sei pervenuto e quali azioni hai compiuto sul nostro Sito tramite i cookie che utilizziamo.<\/p>\n<p><strong>3. Dove prendiamo i tuoi dati &#8211; Modalit\u00e0 di raccolta dei dati<\/strong><\/p>\n<p><strong>Direttamente da te.<\/strong> Ad esempio, se ci poni un quesito contattandoci tramite il Sito oppure tramite le Pagine Social. Se non ci comunichi i tuoi dati non potremo evadere le tue richieste.<\/p>\n<p><strong>Attraverso l\u2019utilizzo delle funzionalit\u00e0 del Sito.<\/strong> Usiamo i cookie e le altre tecnologie, come i pixel tag sul nostro Sito al fine di raccogliere dati sul tuo utilizzo e meglio indirizzare la nostra attivit\u00e0. Per saperne di pi\u00f9, ti preghiamo di prendere visione della nostra Cookie Policy.<\/p>\n<p><strong>4. Perch\u00e9 e per quanto tempo trattiamo i tuoi dati &#8211; Finalit\u00e0 e base giuridica del trattamento dei dati; periodo di conservazione<\/strong><\/p>\n<ul>\n<li><strong>Per dare riscontro alle tue richieste raccolte tramite il Sito e le Pagine Social.<\/strong> Per esempio, useremo i tuoi dati per dare riscontro alle tue richieste pervenute a mezzo mail o tramite il form di contatto presente sul Sito, oppure pervenute tramite le nostre Pagine Social, sia come commenti pubblici che come messaggi privati. La base giuridica di questo trattamento \u00e8 l\u2019esecuzione di un contratto di cui l\u2019interessato \u00e8 parte oppure l\u2019esecuzione di obblighi precontrattuali ed il periodo di conservazione \u00e8 pari al tempo necessario per dare seguito alle richieste dell\u2019interessato.<\/li>\n<li><strong>Per consentirti di partecipare ai webinar organizzati dal Titolare.<\/strong> Per esempio, useremo i tuoi dati per consentirti di partecipare ai webinar organizzati dal Titolare, ai quali potrai iscriverti tramite le apposite sezioni del Sito. La base giuridica di questo trattamento \u00e8 l\u2019esecuzione di una richiesta dell\u2019interessato, in particolare la partecipazione al webinar, ed il periodo di conservazione \u00e8 pari al tempo necessario per dare seguito alla richiesta e per consentire quindi la partecipazione al webinar, fatte salve eventuali ulteriori finalit\u00e0 di trattamento.<\/li>\n<li><strong>Per consentirti di ottenere il materiale messo a disposizione dal Titolare sul Sito.<\/strong> Per esempio, useremo i tuoi dati per consentirti di scaricare il materiale disponibile sul Sito (quale a titolo esemplificativo, il kit didattico per le scuole attraverso la sezione del Sito dedicata). La base giuridica di questo trattamento \u00e8 l\u2019esecuzione di una richiesta dell\u2019interessato, in particolare la possibilit\u00e0 di scaricare il materiale disponibile sul Sito ed il periodo di conservazione \u00e8 pari al tempo necessario per dare seguito alla richiesta, fatte salve eventuali ulteriori finalit\u00e0 di trattamento.<\/li>\n<li><strong>Per prevenire o controllare condotte illecite o per proteggere e far valere diritti.<\/strong> Per esempio, potremmo usare i tuoi dati per prevenire la violazione di nostri diritti di propriet\u00e0 intellettuale (ad esempio contraffazione dei marchi nostri e\/o dei nostri partner) o furti o altri illeciti, secondo quanto concesso dalla normativa applicabile. La base giuridica di tale trattamento \u00e8 il legittimo interesse del titolare del trattamento. Il periodo di conservazione dei tuoi dati \u00e8 pari al tempo ragionevolmente necessario a far valere i nostri diritti dal momento in cui veniamo a conoscenza dell\u2019illecito o della sua potenziale commissione.<\/li>\n<li><strong>Per consentirti l\u2019iscrizione alla newsletter.<\/strong> Previo rilascio del tuo consenso, potresti essere contattato a mezzo mail o altri strumenti di comunicazione telematica con informazioni sulla nostra attivit\u00e0 e le nostre iniziative. La base giuridica di questo trattamento \u00e8 il tuo consenso esplicito, che pu\u00f2 consistere nell\u2019inserimento del tuo indirizzo mail, che potrai revocare in qualsiasi momento senza che tale revoca possa pregiudicare in alcun modo i trattamenti effettuati precedentemente. Il periodo di conservazione dei tuoi dati \u00e8 pari a 24 mesi dalla raccolta dei tuoi dati.<\/li>\n<li><strong>Per inviarti comunicazioni relative all\u2019attivit\u00e0 ed alle iniziative del Titolare in linea con la tua area di interesse\/settore di appartenenza.<\/strong> Potremmo inviarti comunicazioni ed aggiornamenti sulle iniziative e sulle attivit\u00e0 del Titolare, a seguito ad esempio della tua richiesta di informazioni e manifestazione di interesse circa i progetti legati al mondo della scuola. La base giuridica del trattamento \u00e8 il legittimo interesse del Titolare ad inviare aggiornamenti in relazione alle proprie iniziative ed attivit\u00e0 e il periodo di conservazione \u00e8 pari a 24 mesi da quando \u00e8 stato raccolto il dato personale.<\/li>\n<li><strong>Per finalit\u00e0 di marketing.<\/strong> Con il tuo consenso, potremmo inviarti comunicazioni commerciali relative alla nostra attivit\u00e0 e alle nostre iniziative tramite le nostre Pagine Social. La base giuridica di questo trattamento \u00e8 il tuo consenso esplicito, espresso tramite il \u201cfollow\u201d alle nostre Pagine Social, che potrai revocare in qualsiasi momento (attraverso la funzionalit\u00e0 di \u201cunfollow\u201d delle nostre Pagine Social) senza che tale revoca possa pregiudicare in alcun modo i trattamenti effettuati precedentemente. Il periodo di conservazione dei tuoi dati \u00e8 pari a 24 mesi dalla raccolta dei tuoi dati.<\/li>\n<li><strong>Altre finalit\u00e0 consentite dalla legge.<\/strong> In determinate circostanze, potremmo trattare i tuoi dati qualora sussista il nostro legittimo interesse conformemente all\u2019art. 6 par. 1 (f) del GDPR, nel rispetto dei tuoi diritti e delle limitazioni imposte dalla legge. In relazione alle finalit\u00e0 sopra indicate, il trattamento dei dati personali avviene mediante strumenti manuali, informatici e telematici con logiche strettamente correlate alle finalit\u00e0 stesse e, comunque, in modo da garantire la sicurezza e la riservatezza dei dati stessi nel rispetto della legge.<\/li>\n<\/ul>\n<p><strong>5. Natura del conferimento<\/strong><br \/>\nIl conferimento dei dati per le finalit\u00e0 da a) a d) \u00e8 obbligatorio, in mancanza non potremo dar seguito alle tue richieste. Il conferimento dei dati per le finalit\u00e0 da e) a g) \u00e8 facoltativo, puoi revocare il consenso\/opporti al trattamento in qualsiasi momento, senza che ci\u00f2 pregiudichi la legittimit\u00e0 del trattamento precedente alla revoca\/opposizione.<\/p>\n<p><strong>6. Dove sono trattati i tuoi dati \u2013 trasferimento dei dati<\/strong><br \/>\nI dati saranno trattati e conservati presso gli uffici ed i sistemi informatici del Titolare ovvero dei suoi fornitori in Italia. Esclusivamente per quanto concerne i dati raccolti sulle nostre Pagine Social, gli stessi saranno conservati sulle suddette piattaforme, ossia Facebook e Instagram, secondo le policy privacy di questi ultimi che ti invitiamo a consultare.<\/p>\n<p><strong>7. Con chi condividiamo i tuoi dati \u2013 destinatari dei dati personali<\/strong><br \/>\nFermo restando che, laddove richiesto dalla legge, otterremo il tuo preventivo consenso ed espleteremo eventuali formalit\u00e0 richieste dalla legge stessa, potremo condividere i tuoi dati con i seguenti soggetti terzi (anche in qualit\u00e0 di responsabili esterni):<br \/>\nNostri fornitori di servizi. Potremmo condividere i tuoi dati con soggetti terzi in modo che gli stessi possano prestarci dei servizi (ad esempio fornitori di servizi informatici per la gestione del Sito) ma in tal caso concluderemo un accordo conforme all\u2019art. 28 GDPR volto a tutelare i tuoi dati. Questi soggetti entrano in possesso solo dei dati necessari per l\u2019espletamento delle loro funzioni e possono utilizzarli solamente al fine di eseguire tali servizi per nostro conto o per adempiere a norme di legge. Puoi conoscere i dettagli di tali responsabili del trattamento ai sensi dell\u2019art. 28 GDRPR contattandoci via email a info@resoilfoundation.org. Qualora tali fornitori operassero al di fuori dell\u2019Unione Europea, prima di comunicare loro qualsiasi dato personale soddisferemo una delle condizioni previste dagli artt. 45-47 del GDPR.<br \/>\nLaddove ritenessimo di doverlo fare per ottemperare a obblighi di legge o al fine di tutelare giudizialmente noi, o terze parti. Laddove permesso o richiesto dalla legge, possiamo anche condividere i dati richiesti da un ente governativo o da altro soggetto o organizzazione autorizzato al fine di proteggere o esercitare i diritti nostri o di terze parti, o al fine di limitare o evitare frodi ed altri illeciti.<\/p>\n<p><strong>8. Minori<\/strong><br \/>\nIl nostro Sito non \u00e8 destinato ai minori di 18 anni, ma \u00e8 destinato ad un pubblico adulto. Se sei un genitore o chi ne fa le veci e pensi che tuo figlio ci abbia trasmesso dei dati, puoi contattarci.<\/p>\n<p><strong>9. Misure di sicurezza<\/strong><br \/>\nAdottiamo le misure di sicurezza richieste dalla legge.<br \/>\nAdottiamo misure di sicurezza per proteggere i tuoi dati. Le misure di sicurezza standard che utilizziamo dipendono dalla tipologia di dati che trattiamo e rispondono ai requisiti previsti dalla legge e dagli standard di agenzie governative europee.<\/p>\n<p><strong>10. I tuoi diritti<\/strong><br \/>\nPuoi rivolgerti al Titolare per chiedere l\u2019accesso ai tuoi dati personali, la rettifica, la cancellazione degli stessi o la limitazione del trattamento, per opporti al trattamento e chiedere la portabilit\u00e0\u0300 dei tuoi dati; puoi altres\u00ec revocare il consenso in qualsiasi momento (ci\u00f2 non pregiudicher\u00e0 la liceita\u0300 del trattamento basata sul consenso prestato prima della revoca).<br \/>\nQuando eserciti il diritto di accesso, hai diritto di sapere se \u00e8 in corso il trattamento dei tuoi dati, quale sia la finalit\u00e0 del trattamento, quali sono le categorie di dati trattati, chi sono i destinatari o le categorie di destinatari a cui sono comunicati i tuoi dati (e, se risiedono in un paese terzo, sulla base di quali garanzie), il periodo di conservazione dei tuoi dati (o i criteri per determinare il periodo di conservazione), se sia in corso un trattamento automatizzato (per esempio mediante profilazione) e quale sia la logica di tale trattamento, l\u2019origine dei dati (qualora non siano raccolti inizialmente da noi).<br \/>\nHai diritto di proporre reclamo alla competente autorit\u00e0 di controllo e di chiedere al Titolare, in qualsiasi momento, informazioni circa i responsabili del trattamento e i soggetti autorizzati a trattare i tuoi dati.<br \/>\nPuoi esercitare i tuoi diritti rivolgendoti al Titolare (ai recapiti sopra indicati).<br \/>\nPuoi anche esercitare i tuoi diritti, in relazione ai trattamenti dei dati personali effettuati tramite le nostre Pagine Social, contattando Facebook o Instagram secondo quanto previsto nelle rispettive privacy policy.<br \/>\nPuoi revocare il consenso a ricevere newsletter in qualsiasi momento e puoi opporti alla ricezione di comunicazioni marketing: puoi seguire le istruzioni indicate nel messaggio promozionale che ricevi. Alternativamente, puoi comunicare la revoca del consenso\/la tua opposizione inviando una email a uno degli indirizzi sopra indicati.<br \/>\nPuoi controllare e disattivare i cookie e gli altri strumenti di profilazione attraverso il widget presente sul sito. Per sapere come fare per sapere come usiamo i cookie e altri strumenti di profilazione, clicca qui.<\/p>\n<p><strong>11. Cosa facciamo se modifichiamo questa informativa<\/strong><br \/>\nPotremmo apportare delle modifiche alla nostra privacy policy. Ti avviseremo in relazione a tali modifiche come previsto dalla legge. Pubblicheremo anche una versione aggiornata sul nostro Sito. Avr\u00e0 una data diversa da quella indicata sotto. Sei pregato di consultare il Sito periodicamente per gli aggiornamenti.<\/p>\n<p><em>Versione aggiornata al 14\/02\/2022<\/em><\/p>\n<\/div><\/section>\n","protected":false},"excerpt":{"rendered":"","protected":false},"author":10,"featured_media":0,"parent":0,"menu_order":0,"comment_status":"closed","ping_status":"open","template":"","meta":{"footnotes":""},"evento":[],"class_list":["post-14203","page","type-page","status-publish","hentry"],"yoast_head":"<!-- This site is optimized with the Yoast SEO plugin v27.3 - https:\/\/yoast.com\/product\/yoast-seo-wordpress\/ -->\n<title>Privacy Policy - Re Soil Foundation<\/title>\n<meta name=\"robots\" content=\"index, follow, max-snippet:-1, max-image-preview:large, max-video-preview:-1\" \/>\n<link rel=\"canonical\" href=\"https:\/\/resoilfoundation.org\/en\/privacy-policy\/\" \/>\n<meta property=\"og:locale\" content=\"en_US\" \/>\n<meta property=\"og:type\" content=\"article\" \/>\n<meta property=\"og:title\" content=\"Privacy Policy - Re Soil Foundation\" \/>\n<meta property=\"og:url\" content=\"https:\/\/resoilfoundation.org\/en\/privacy-policy\/\" \/>\n<meta property=\"og:site_name\" content=\"Re Soil Foundation\" \/>\n<meta property=\"article:publisher\" content=\"https:\/\/www.facebook.com\/resoilfoundation\/\" \/>\n<meta property=\"article:modified_time\" content=\"2022-02-16T15:49:05+00:00\" \/>\n<meta name=\"twitter:card\" content=\"summary_large_image\" \/>\n<meta name=\"twitter:site\" content=\"@re_soil\" \/>\n<meta name=\"twitter:label1\" content=\"Est. reading time\" \/>\n\t<meta name=\"twitter:data1\" content=\"10 minutes\" \/>\n<script type=\"application\/ld+json\" class=\"yoast-schema-graph\">{\"@context\":\"https:\\\/\\\/schema.org\",\"@graph\":[{\"@type\":\"WebPage\",\"@id\":\"https:\\\/\\\/resoilfoundation.org\\\/en\\\/privacy-policy\\\/\",\"url\":\"https:\\\/\\\/resoilfoundation.org\\\/en\\\/privacy-policy\\\/\",\"name\":\"Privacy Policy - Re Soil Foundation\",\"isPartOf\":{\"@id\":\"https:\\\/\\\/resoilfoundation.org\\\/en\\\/#website\"},\"datePublished\":\"2020-01-14T15:28:57+00:00\",\"dateModified\":\"2022-02-16T15:49:05+00:00\",\"breadcrumb\":{\"@id\":\"https:\\\/\\\/resoilfoundation.org\\\/en\\\/privacy-policy\\\/#breadcrumb\"},\"inLanguage\":\"en-US\",\"potentialAction\":[{\"@type\":\"ReadAction\",\"target\":[\"https:\\\/\\\/resoilfoundation.org\\\/en\\\/privacy-policy\\\/\"]}]},{\"@type\":\"BreadcrumbList\",\"@id\":\"https:\\\/\\\/resoilfoundation.org\\\/en\\\/privacy-policy\\\/#breadcrumb\",\"itemListElement\":[{\"@type\":\"ListItem\",\"position\":1,\"name\":\"Home\",\"item\":\"https:\\\/\\\/resoilfoundation.org\\\/en\\\/\"},{\"@type\":\"ListItem\",\"position\":2,\"name\":\"Privacy Policy\"}]},{\"@type\":\"WebSite\",\"@id\":\"https:\\\/\\\/resoilfoundation.org\\\/en\\\/#website\",\"url\":\"https:\\\/\\\/resoilfoundation.org\\\/en\\\/\",\"name\":\"Re Soil Foundation\",\"description\":\"Regeneration for a clean and healthy soil.\",\"potentialAction\":[{\"@type\":\"SearchAction\",\"target\":{\"@type\":\"EntryPoint\",\"urlTemplate\":\"https:\\\/\\\/resoilfoundation.org\\\/en\\\/?s={search_term_string}\"},\"query-input\":{\"@type\":\"PropertyValueSpecification\",\"valueRequired\":true,\"valueName\":\"search_term_string\"}}],\"inLanguage\":\"en-US\"}]}<\/script>\n<!-- \/ Yoast SEO plugin. -->","yoast_head_json":{"title":"Privacy Policy - Re Soil Foundation","robots":{"index":"index","follow":"follow","max-snippet":"max-snippet:-1","max-image-preview":"max-image-preview:large","max-video-preview":"max-video-preview:-1"},"canonical":"https:\/\/resoilfoundation.org\/en\/privacy-policy\/","og_locale":"en_US","og_type":"article","og_title":"Privacy Policy - Re Soil Foundation","og_url":"https:\/\/resoilfoundation.org\/en\/privacy-policy\/","og_site_name":"Re Soil Foundation","article_publisher":"https:\/\/www.facebook.com\/resoilfoundation\/","article_modified_time":"2022-02-16T15:49:05+00:00","twitter_card":"summary_large_image","twitter_site":"@re_soil","twitter_misc":{"Est. reading time":"10 minutes"},"schema":{"@context":"https:\/\/schema.org","@graph":[{"@type":"WebPage","@id":"https:\/\/resoilfoundation.org\/en\/privacy-policy\/","url":"https:\/\/resoilfoundation.org\/en\/privacy-policy\/","name":"Privacy Policy - Re Soil Foundation","isPartOf":{"@id":"https:\/\/resoilfoundation.org\/en\/#website"},"datePublished":"2020-01-14T15:28:57+00:00","dateModified":"2022-02-16T15:49:05+00:00","breadcrumb":{"@id":"https:\/\/resoilfoundation.org\/en\/privacy-policy\/#breadcrumb"},"inLanguage":"en-US","potentialAction":[{"@type":"ReadAction","target":["https:\/\/resoilfoundation.org\/en\/privacy-policy\/"]}]},{"@type":"BreadcrumbList","@id":"https:\/\/resoilfoundation.org\/en\/privacy-policy\/#breadcrumb","itemListElement":[{"@type":"ListItem","position":1,"name":"Home","item":"https:\/\/resoilfoundation.org\/en\/"},{"@type":"ListItem","position":2,"name":"Privacy Policy"}]},{"@type":"WebSite","@id":"https:\/\/resoilfoundation.org\/en\/#website","url":"https:\/\/resoilfoundation.org\/en\/","name":"Re Soil Foundation","description":"Regeneration for a clean and healthy soil.","potentialAction":[{"@type":"SearchAction","target":{"@type":"EntryPoint","urlTemplate":"https:\/\/resoilfoundation.org\/en\/?s={search_term_string}"},"query-input":{"@type":"PropertyValueSpecification","valueRequired":true,"valueName":"search_term_string"}}],"inLanguage":"en-US"}]}},"_links":{"self":[{"href":"https:\/\/resoilfoundation.org\/en\/wp-json\/wp\/v2\/pages\/14203","targetHints":{"allow":["GET"]}}],"collection":[{"href":"https:\/\/resoilfoundation.org\/en\/wp-json\/wp\/v2\/pages"}],"about":[{"href":"https:\/\/resoilfoundation.org\/en\/wp-json\/wp\/v2\/types\/page"}],"author":[{"embeddable":true,"href":"https:\/\/resoilfoundation.org\/en\/wp-json\/wp\/v2\/users\/10"}],"replies":[{"embeddable":true,"href":"https:\/\/resoilfoundation.org\/en\/wp-json\/wp\/v2\/comments?post=14203"}],"version-history":[{"count":5,"href":"https:\/\/resoilfoundation.org\/en\/wp-json\/wp\/v2\/pages\/14203\/revisions"}],"predecessor-version":[{"id":15014,"href":"https:\/\/resoilfoundation.org\/en\/wp-json\/wp\/v2\/pages\/14203\/revisions\/15014"}],"wp:attachment":[{"href":"https:\/\/resoilfoundation.org\/en\/wp-json\/wp\/v2\/media?parent=14203"}],"wp:term":[{"taxonomy":"evento","embeddable":true,"href":"https:\/\/resoilfoundation.org\/en\/wp-json\/wp\/v2\/evento?post=14203"}],"curies":[{"name":"wp","href":"https:\/\/api.w.org\/{rel}","templated":true}]}}